{"id":1989,"date":"2017-03-22T15:42:08","date_gmt":"2017-03-22T14:42:08","guid":{"rendered":"http:\/\/www.somater.fr\/legal-notices\/"},"modified":"2024-03-12T11:12:06","modified_gmt":"2024-03-12T10:12:06","slug":"legal-notices","status":"publish","type":"page","link":"https:\/\/www.somater.fr\/en\/legal-notices\/","title":{"rendered":"Legal information"},"content":{"rendered":"\n<style type=\"text\/css\" data-created_by=\"avia_inline_auto\" id=\"style-css-av-2v5u4w-57232f19c8f4aa450207cca2098e76cb\">\n.flex_column.av-2v5u4w-57232f19c8f4aa450207cca2098e76cb{\nborder-radius:0px 0px 0px 0px;\npadding:0px 0px 0px 0px;\n}\n<\/style>\n<div  class='flex_column av-2v5u4w-57232f19c8f4aa450207cca2098e76cb av_one_half  avia-builder-el-0  el_before_av_one_half  avia-builder-el-first  first flex_column_div av-zero-column-padding  '     ><p>\n<style type=\"text\/css\" data-created_by=\"avia_inline_auto\" id=\"style-css-av-z0748-285823479f7cd8123e90544b444dec00\">\n#top .av-special-heading.av-z0748-285823479f7cd8123e90544b444dec00{\npadding-bottom:10px;\n}\nbody .av-special-heading.av-z0748-285823479f7cd8123e90544b444dec00 .av-special-heading-tag .heading-char{\nfont-size:25px;\n}\n.av-special-heading.av-z0748-285823479f7cd8123e90544b444dec00 .av-subheading{\nfont-size:15px;\n}\n<\/style>\n<div  class='av-special-heading av-z0748-285823479f7cd8123e90544b444dec00 av-special-heading-h3 blockquote modern-quote  avia-builder-el-1  el_before_av_textblock  avia-builder-el-first '><h3 class='av-special-heading-tag '  itemprop=\"headline\"  >Legal information<\/h3><div class=\"special-heading-border\"><div class=\"special-heading-inner-border\"><\/div><\/div><\/div><br \/>\n<section  class='av_textblock_section av-2l617c-f2138f82dbd15287abbf243797df4fef '   itemscope=\"itemscope\" itemtype=\"https:\/\/schema.org\/CreativeWork\" ><div class='avia_textblock'  itemprop=\"text\" ><p>In accordance with the provisions of Article 6 III-1 and 19 of French Law No. 2004-575 of 21 June 2004 on Confidence in the Digital Economy, known as the L.C.E.N., users of and visitors to the SOMATER CONDITIONNEMENTS site are hereby informed of the present legal notice.<\/p>\n<p>The SOMATER CONDITIONNEMENTS Site is accessible at the following address: <a href=\"https:\/\/www.somater.fr\/en\/\">www.somater.fr<\/a> (hereinafter &#8220;the Site&#8221;). Access to and use of the Site are subject to the present &#8220;Legal Notice&#8221; detailed below, as well as to applicable laws and\/or regulations.<\/p>\n<p>Connection, use and access to this site imply the Internet user&#8217;s full and unreserved acceptance of all the provisions of this legal notice.<\/p>\n<\/div><\/section><br \/>\n\n<style type=\"text\/css\" data-created_by=\"avia_inline_auto\" id=\"style-css-av-t94n4-018132d4686fdaa88d0e653240a19049\">\n#top .av-special-heading.av-t94n4-018132d4686fdaa88d0e653240a19049{\npadding-bottom:10px;\n}\nbody .av-special-heading.av-t94n4-018132d4686fdaa88d0e653240a19049 .av-special-heading-tag .heading-char{\nfont-size:25px;\n}\n.av-special-heading.av-t94n4-018132d4686fdaa88d0e653240a19049 .av-subheading{\nfont-size:15px;\n}\n<\/style>\n<div  class='av-special-heading av-t94n4-018132d4686fdaa88d0e653240a19049 av-special-heading-h3 blockquote modern-quote  avia-builder-el-3  el_after_av_textblock  el_before_av_textblock '><h3 class='av-special-heading-tag '  itemprop=\"headline\"  >Article 1 \u2013 Legal information<\/h3><div class=\"special-heading-border\"><div class=\"special-heading-inner-border\"><\/div><\/div><\/div><br \/>\n<section  class='av_textblock_section av-jlxsy7c8-66d36acdacec2a8e3783684a1a037cb7 '   itemscope=\"itemscope\" itemtype=\"https:\/\/schema.org\/CreativeWork\" ><div class='avia_textblock'  itemprop=\"text\" ><p>The SOMATER CONDITIONNEMENTS site is published by :<br \/>\n<strong> SOMATER CONDITIONNEMENT SAS<br \/>\n<\/strong>98 Route de la Reine, 92100 Boulogne-Billancourt, France<br \/>\nSIRET :\u00a0552 027 898 00014<\/p>\n<p>Le Directeur de la publication est\u00a0:<br \/>\n<strong>Romain De La Rivi\u00e8re<\/strong><br \/>\n<a href=\"mailto:r.delariviere@somater.fr\">r.delariviere@somater.fr<\/a><\/p>\n<p>The SOMATER CONDITIONNEMENTS website is hosted by :<br \/>\n<strong>OVH<br \/>\n<\/strong>2 rue Kellermann, 59100 Roubaix, France<\/p>\n<p>All Internet users who browse, read, view and use the SOMATER CONDITIONNEMENTS site are considered to be users.<\/p>\n<\/div><\/section><br \/>\n\n<style type=\"text\/css\" data-created_by=\"avia_inline_auto\" id=\"style-css-av-j4ql4-ffe8d7aeea5d0705b1c5188ded45c66b\">\n#top .av-special-heading.av-j4ql4-ffe8d7aeea5d0705b1c5188ded45c66b{\npadding-bottom:10px;\n}\nbody .av-special-heading.av-j4ql4-ffe8d7aeea5d0705b1c5188ded45c66b .av-special-heading-tag .heading-char{\nfont-size:25px;\n}\n.av-special-heading.av-j4ql4-ffe8d7aeea5d0705b1c5188ded45c66b .av-subheading{\nfont-size:15px;\n}\n<\/style>\n<div  class='av-special-heading av-j4ql4-ffe8d7aeea5d0705b1c5188ded45c66b av-special-heading-h3 blockquote modern-quote  avia-builder-el-5  el_after_av_textblock  el_before_av_textblock '><h3 class='av-special-heading-tag '  itemprop=\"headline\"  >Article 2 \u2013 Accessibility<\/h3><div class=\"special-heading-border\"><div class=\"special-heading-inner-border\"><\/div><\/div><\/div><br \/>\n<section  class='av_textblock_section av-24pdk0-961e815801aaebb1418934a46dd08947 '   itemscope=\"itemscope\" itemtype=\"https:\/\/schema.org\/CreativeWork\" ><div class='avia_textblock'  itemprop=\"text\" ><p>In principle, the Site is accessible to users 24 hours a day, 7 days a week, unless it is interrupted, whether scheduled or not, for maintenance purposes or in the event of force majeure.<\/p>\n<p>Should access to the site be impossible, the site undertakes to do its utmost to restore access. The site may not be held liable for any damage whatsoever resulting from its unavailability.<\/p>\n<\/div><\/section><br \/>\n\n<style type=\"text\/css\" data-created_by=\"avia_inline_auto\" id=\"style-css-av-jlxwpuos-f2a1f73f5d3240c25d98c5edd851e4cf\">\n#top .av-special-heading.av-jlxwpuos-f2a1f73f5d3240c25d98c5edd851e4cf{\npadding-bottom:10px;\n}\nbody .av-special-heading.av-jlxwpuos-f2a1f73f5d3240c25d98c5edd851e4cf .av-special-heading-tag .heading-char{\nfont-size:25px;\n}\n.av-special-heading.av-jlxwpuos-f2a1f73f5d3240c25d98c5edd851e4cf .av-subheading{\nfont-size:15px;\n}\n<\/style>\n<div  class='av-special-heading av-jlxwpuos-f2a1f73f5d3240c25d98c5edd851e4cf av-special-heading-h3 blockquote modern-quote  avia-builder-el-7  el_after_av_textblock  el_before_av_textblock '><h3 class='av-special-heading-tag '  itemprop=\"headline\"  >Article 3 \u2013 Intellectual property<\/h3><div class=\"special-heading-border\"><div class=\"special-heading-inner-border\"><\/div><\/div><\/div><br \/>\n<section  class='av_textblock_section av-jlxsjhz5-11d8fe0b134fcf04f60810bf00c49180 '   itemscope=\"itemscope\" itemtype=\"https:\/\/schema.org\/CreativeWork\" ><div class='avia_textblock'  itemprop=\"text\" ><p>The content of the site, the general structure, the texts, the images, animated or not, and the sounds of which this site is composed are our exclusive property. Any total or partial representation of this site and its contents, by any process whatsoever, without our express prior authorisation, is prohibited and would constitute an infringement punishable by Articles L.335-2 and L.343.1 of the Intellectual Property Code.<\/p>\n<p>Any use of the SOMATER CONDITIONNEMENTS logo must be subject to prior authorisation.<\/p>\n<\/div><\/section><br \/>\n\n<style type=\"text\/css\" data-created_by=\"avia_inline_auto\" id=\"style-css-av-jlxwr9m7-e66dfb9db8410fae25eef7d6de7bf9c3\">\n#top .av-special-heading.av-jlxwr9m7-e66dfb9db8410fae25eef7d6de7bf9c3{\npadding-bottom:10px;\n}\nbody .av-special-heading.av-jlxwr9m7-e66dfb9db8410fae25eef7d6de7bf9c3 .av-special-heading-tag .heading-char{\nfont-size:25px;\n}\n.av-special-heading.av-jlxwr9m7-e66dfb9db8410fae25eef7d6de7bf9c3 .av-subheading{\nfont-size:15px;\n}\n<\/style>\n<div  class='av-special-heading av-jlxwr9m7-e66dfb9db8410fae25eef7d6de7bf9c3 av-special-heading-h3 blockquote modern-quote  avia-builder-el-9  el_after_av_textblock  el_before_av_textblock '><h3 class='av-special-heading-tag '  itemprop=\"headline\"  >Article 4 \u2013 Exemption from liability<\/h3><div class=\"special-heading-border\"><div class=\"special-heading-inner-border\"><\/div><\/div><\/div><br \/>\n<section  class='av_textblock_section av-1a4eiw-98228eb45caa7da8ee54592a99f33827 '   itemscope=\"itemscope\" itemtype=\"https:\/\/schema.org\/CreativeWork\" ><div class='avia_textblock'  itemprop=\"text\" ><p>SOMATER CONDITIONNEMENTS declines all responsibility in the event of difficulty in accessing its Internet site or difficulty in connecting, whatever the cause. Furthermore, the company cannot be held responsible in the event of damage or viruses that may infect your computer or any other IT equipment.<\/p>\n<p>Hypertext links on the site to third-party sites are provided for additional information only. SOMATER CONDITIONNEMENTS cannot be held responsible for their content, links or updates.<\/p>\n<p>The company cannot be held responsible for errors or omissions, or for the unavailability of information. The information available on the site is for information purposes only and constitutes an offer of services and products. SOMATER CONDITIONNEMENTS reserves all rights to modify it at any time and without notice.<\/p>\n<\/div><\/section><\/p><\/div>\n\n<style type=\"text\/css\" data-created_by=\"avia_inline_auto\" id=\"style-css-av-11db5s-a2d2530f48eaea0e58e8835f2f01af4b\">\n.flex_column.av-11db5s-a2d2530f48eaea0e58e8835f2f01af4b{\nborder-radius:0px 0px 0px 0px;\npadding:0px 0px 0px 0px;\n}\n<\/style>\n<div  class='flex_column av-11db5s-a2d2530f48eaea0e58e8835f2f01af4b av_one_half  avia-builder-el-11  el_after_av_one_half  el_before_av_three_fifth  flex_column_div av-zero-column-padding  '     ><p>\n<style type=\"text\/css\" data-created_by=\"avia_inline_auto\" id=\"style-css-av-wddjc-1ba38fbab37b025f5a02d7fd095e12c9\">\n#top .av-special-heading.av-wddjc-1ba38fbab37b025f5a02d7fd095e12c9{\npadding-bottom:10px;\n}\nbody .av-special-heading.av-wddjc-1ba38fbab37b025f5a02d7fd095e12c9 .av-special-heading-tag .heading-char{\nfont-size:25px;\n}\n.av-special-heading.av-wddjc-1ba38fbab37b025f5a02d7fd095e12c9 .av-subheading{\nfont-size:15px;\n}\n<\/style>\n<div  class='av-special-heading av-wddjc-1ba38fbab37b025f5a02d7fd095e12c9 av-special-heading-h3 blockquote modern-quote  avia-builder-el-12  el_before_av_textblock  avia-builder-el-first '><h3 class='av-special-heading-tag '  itemprop=\"headline\"  >Article 5 &#8211; Respect for privacy<\/h3><div class=\"special-heading-border\"><div class=\"special-heading-inner-border\"><\/div><\/div><\/div><br \/>\n<section  class='av_textblock_section av-jlxso6yb-ef19786b9d1fe97159222c90b45d7de0 '   itemscope=\"itemscope\" itemtype=\"https:\/\/schema.org\/CreativeWork\" ><div class='avia_textblock'  itemprop=\"text\" ><p>This website collects and uses personal information for the purposes indicated below. The website, as well as the computer system to which it is connected, are designed to meet the requirements of the European Data Protection Regulation 2018 (RGPD).<br \/>\nWe will never sell, rent or otherwise distribute the personal information collected, or make it publicly available. You have the right to know, correct or delete at any time the personal data we keep in our system.<br \/>\nFor any request, please contact our Data Security Manager:<br \/>\n<strong>Romain De La Rivi\u00e8re<\/strong><br \/>\n<a href=\"mailto:r.delariviere@somater.fr\">r.delariviere@somater.fr<\/a><\/p>\n<p>Our privacy and data protection policy is subject to change without notice, in line with current legislation. We invite you to visit this page to keep abreast of changes to our confidentiality and data protection policy.<\/p>\n<\/div><\/section><br \/>\n\n<style type=\"text\/css\" data-created_by=\"avia_inline_auto\" id=\"style-css-av-r7vao-3cc20c41eb1190b1623783d447f95843\">\n#top .av-special-heading.av-r7vao-3cc20c41eb1190b1623783d447f95843{\npadding-bottom:10px;\n}\nbody .av-special-heading.av-r7vao-3cc20c41eb1190b1623783d447f95843 .av-special-heading-tag .heading-char{\nfont-size:25px;\n}\n.av-special-heading.av-r7vao-3cc20c41eb1190b1623783d447f95843 .av-subheading{\nfont-size:15px;\n}\n<\/style>\n<div  class='av-special-heading av-r7vao-3cc20c41eb1190b1623783d447f95843 av-special-heading-h3 blockquote modern-quote  avia-builder-el-14  el_after_av_textblock  el_before_av_textblock '><h3 class='av-special-heading-tag '  itemprop=\"headline\"  >Article 6 &#8211; Visitor tracking<\/h3><div class=\"special-heading-border\"><div class=\"special-heading-inner-border\"><\/div><\/div><\/div><br \/>\n<section  class='av_textblock_section av-jlxso6yb-1-5b70f8ecbf8590f5d41f8e3e428751fe '   itemscope=\"itemscope\" itemtype=\"https:\/\/schema.org\/CreativeWork\" ><div class='avia_textblock'  itemprop=\"text\" ><h5 style=\"display: none;\">Google Analytics<\/h5>\n<p><span style=\"display: none;\">Ce site web utilise Google Analytics (GA) afin d\u2019en mesurer l\u2019audience et comprendre le comportement des visiteurs. \u00c0 ce titre, GA peut enregistrer par exemple votre position g\u00e9ographique, votre \u00e9quipement informatique, votre navigateur web et votre syst\u00e8me d\u2019exploitation. Aucune de ces informations ne nous permet cependant de vous identifier personnellement. Nous consid\u00e9rons Google comme un processeur de donn\u00e9es tiers (voir ci-dessous).<\/span><\/p>\n<h5>Cookies<\/h5>\n<p>This website uses cookies to improve the user experience, provide usage statistics and collect marketing information. Cookies store information on your computer equipment relating to your visit to our website. You can disable cookies at any time, either by changing your browser settings or by deleting them manually.<\/p>\n<h5>Leadfeeder<\/h5>\n<p>This website contains a tracking code provided by Leadfeeder. This code allows Leadfeeder to track activity on the website and to provide us with information about the Internet user, such as his IP address, the date and duration of his visit, and the web pages visited.<br \/>\nThe Leadfeeder tracking code only provides information that is readily available in the public domain. It does not and cannot provide individual, personal or sensitive data about people who have visited the website. It provides information about companies that have visited the website by identifying them from their IP address. This data may be used to contact the business about its experience or for marketing purposes. We will not pass this data on to third parties.<br \/>\nMore information can be found at <a href=\"https:\/\/www.leadfeeder.com\/\">https:\/\/www.leadfeeder.com\/<\/a>.<\/p>\n<\/div><\/section><br \/>\n\n<style type=\"text\/css\" data-created_by=\"avia_inline_auto\" id=\"style-css-av-gl9dk-a1d3903e8fb92227a67c4af8a61ef20f\">\n#top .av-special-heading.av-gl9dk-a1d3903e8fb92227a67c4af8a61ef20f{\npadding-bottom:10px;\n}\nbody .av-special-heading.av-gl9dk-a1d3903e8fb92227a67c4af8a61ef20f .av-special-heading-tag .heading-char{\nfont-size:25px;\n}\n.av-special-heading.av-gl9dk-a1d3903e8fb92227a67c4af8a61ef20f .av-subheading{\nfont-size:15px;\n}\n<\/style>\n<div  class='av-special-heading av-gl9dk-a1d3903e8fb92227a67c4af8a61ef20f av-special-heading-h3 blockquote modern-quote  avia-builder-el-16  el_after_av_textblock  el_before_av_textblock '><h3 class='av-special-heading-tag '  itemprop=\"headline\"  >Website design<\/h3><div class=\"special-heading-border\"><div class=\"special-heading-inner-border\"><\/div><\/div><\/div><br \/>\n<section  class='av_textblock_section av-sdlm0-fc409069076ebbe819b252f46603c454 '   itemscope=\"itemscope\" itemtype=\"https:\/\/schema.org\/CreativeWork\" ><div class='avia_textblock'  itemprop=\"text\" ><p><a href=\"http:\/\/www.bb-b.fr\">bb&amp;b &#8211;\u00a0conseil en communication industrielle<\/a><br \/>\n22 rue Soleillet, 75020 Paris, France<\/p>\n<\/div><\/section><br \/>\n\n<style type=\"text\/css\" data-created_by=\"avia_inline_auto\" id=\"style-css-av-axll4-b0574b684922c61f1d9c4fc0cb879e86\">\n#top .av-special-heading.av-axll4-b0574b684922c61f1d9c4fc0cb879e86{\npadding-bottom:10px;\n}\nbody .av-special-heading.av-axll4-b0574b684922c61f1d9c4fc0cb879e86 .av-special-heading-tag .heading-char{\nfont-size:25px;\n}\n.av-special-heading.av-axll4-b0574b684922c61f1d9c4fc0cb879e86 .av-subheading{\nfont-size:15px;\n}\n<\/style>\n<div  class='av-special-heading av-axll4-b0574b684922c61f1d9c4fc0cb879e86 av-special-heading-h3 blockquote modern-quote  avia-builder-el-18  el_after_av_textblock  el_before_av_textblock '><h3 class='av-special-heading-tag '  itemprop=\"headline\"  >Photo credits<\/h3><div class=\"special-heading-border\"><div class=\"special-heading-inner-border\"><\/div><\/div><\/div><br \/>\n<section  class='av_textblock_section av-1am2o-0093a12b0ad7c53646271c146e507813 '   itemscope=\"itemscope\" itemtype=\"https:\/\/schema.org\/CreativeWork\" ><div class='avia_textblock'  itemprop=\"text\" ><p><a href=\"http:\/\/www.divergence-images.com\/gael-kerbaol\/portfolios.html\">Ga\u00ebl Kerbaol<br \/>\n<\/a>bb&amp;b<a href=\"http:\/\/www.divergence-images.com\/gael-kerbaol\/portfolios.html\"><br \/>\n<\/a>Somater Packaging<\/p>\n<\/div><\/section><\/p><\/div>\n<style type=\"text\/css\" data-created_by=\"avia_inline_auto\" id=\"style-css-av-8vs6g-9e6236866e133ba39539ba66f114892f\">\n.flex_column.av-8vs6g-9e6236866e133ba39539ba66f114892f{\nborder-radius:0px 0px 0px 0px;\npadding:0px 0px 0px 0px;\n}\n<\/style>\n<div  class='flex_column av-8vs6g-9e6236866e133ba39539ba66f114892f av_three_fifth  avia-builder-el-20  el_after_av_one_half  avia-builder-el-last  first flex_column_div av-zero-column-padding  column-top-margin'     ><\/div><\/p>\n","protected":false},"excerpt":{"rendered":"","protected":false},"author":10,"featured_media":0,"parent":0,"menu_order":0,"comment_status":"closed","ping_status":"closed","template":"","meta":{"footnotes":""},"class_list":["post-1989","page","type-page","status-publish","hentry"],"yoast_head":"<!-- This site is optimized with the Yoast SEO plugin v27.6 - https:\/\/yoast.com\/product\/yoast-seo-wordpress\/ -->\n<title>Legal information &#8211; Somater<\/title>\n<meta name=\"robots\" content=\"index, follow, max-snippet:-1, max-image-preview:large, max-video-preview:-1\" \/>\n<link rel=\"canonical\" href=\"https:\/\/www.somater.fr\/mentions-legales\/\" \/>\n<meta property=\"og:locale\" content=\"en_US\" \/>\n<meta property=\"og:type\" content=\"article\" \/>\n<meta property=\"og:title\" content=\"Legal information &#8211; Somater\" \/>\n<meta property=\"og:url\" content=\"https:\/\/www.somater.fr\/mentions-legales\/\" \/>\n<meta property=\"og:site_name\" content=\"Somater\" \/>\n<meta property=\"article:modified_time\" content=\"2024-03-12T10:12:06+00:00\" \/>\n<meta name=\"twitter:card\" content=\"summary_large_image\" \/>\n<meta name=\"twitter:label1\" content=\"Est. reading time\" \/>\n\t<meta name=\"twitter:data1\" content=\"10 minutes\" \/>\n<script type=\"application\/ld+json\" class=\"yoast-schema-graph\">{\"@context\":\"https:\\\/\\\/schema.org\",\"@graph\":[{\"@type\":\"WebPage\",\"@id\":\"https:\\\/\\\/www.somater.fr\\\/mentions-legales\\\/\",\"url\":\"https:\\\/\\\/www.somater.fr\\\/mentions-legales\\\/\",\"name\":\"Legal information &#8211; Somater\",\"isPartOf\":{\"@id\":\"https:\\\/\\\/www.somater.fr\\\/#website\"},\"datePublished\":\"2017-03-22T14:42:08+00:00\",\"dateModified\":\"2024-03-12T10:12:06+00:00\",\"breadcrumb\":{\"@id\":\"https:\\\/\\\/www.somater.fr\\\/mentions-legales\\\/#breadcrumb\"},\"inLanguage\":\"en-US\",\"potentialAction\":[{\"@type\":\"ReadAction\",\"target\":[\"https:\\\/\\\/www.somater.fr\\\/mentions-legales\\\/\"]}]},{\"@type\":\"BreadcrumbList\",\"@id\":\"https:\\\/\\\/www.somater.fr\\\/mentions-legales\\\/#breadcrumb\",\"itemListElement\":[{\"@type\":\"ListItem\",\"position\":1,\"name\":\"Accueil\",\"item\":\"https:\\\/\\\/www.somater.fr\\\/\"},{\"@type\":\"ListItem\",\"position\":2,\"name\":\"Legal information\"}]},{\"@type\":\"WebSite\",\"@id\":\"https:\\\/\\\/www.somater.fr\\\/#website\",\"url\":\"https:\\\/\\\/www.somater.fr\\\/\",\"name\":\"Somater\",\"description\":\"Fabricant fran\u00e7ais d\u2019emballages primaires en plastique\",\"potentialAction\":[{\"@type\":\"SearchAction\",\"target\":{\"@type\":\"EntryPoint\",\"urlTemplate\":\"https:\\\/\\\/www.somater.fr\\\/?s={search_term_string}\"},\"query-input\":{\"@type\":\"PropertyValueSpecification\",\"valueRequired\":true,\"valueName\":\"search_term_string\"}}],\"inLanguage\":\"en-US\"}]}<\/script>\n<!-- \/ Yoast SEO plugin. -->","yoast_head_json":{"title":"Legal information &#8211; Somater","robots":{"index":"index","follow":"follow","max-snippet":"max-snippet:-1","max-image-preview":"max-image-preview:large","max-video-preview":"max-video-preview:-1"},"canonical":"https:\/\/www.somater.fr\/mentions-legales\/","og_locale":"en_US","og_type":"article","og_title":"Legal information &#8211; Somater","og_url":"https:\/\/www.somater.fr\/mentions-legales\/","og_site_name":"Somater","article_modified_time":"2024-03-12T10:12:06+00:00","twitter_card":"summary_large_image","twitter_misc":{"Est. reading time":"10 minutes"},"schema":{"@context":"https:\/\/schema.org","@graph":[{"@type":"WebPage","@id":"https:\/\/www.somater.fr\/mentions-legales\/","url":"https:\/\/www.somater.fr\/mentions-legales\/","name":"Legal information &#8211; Somater","isPartOf":{"@id":"https:\/\/www.somater.fr\/#website"},"datePublished":"2017-03-22T14:42:08+00:00","dateModified":"2024-03-12T10:12:06+00:00","breadcrumb":{"@id":"https:\/\/www.somater.fr\/mentions-legales\/#breadcrumb"},"inLanguage":"en-US","potentialAction":[{"@type":"ReadAction","target":["https:\/\/www.somater.fr\/mentions-legales\/"]}]},{"@type":"BreadcrumbList","@id":"https:\/\/www.somater.fr\/mentions-legales\/#breadcrumb","itemListElement":[{"@type":"ListItem","position":1,"name":"Accueil","item":"https:\/\/www.somater.fr\/"},{"@type":"ListItem","position":2,"name":"Legal information"}]},{"@type":"WebSite","@id":"https:\/\/www.somater.fr\/#website","url":"https:\/\/www.somater.fr\/","name":"Somater","description":"Fabricant fran\u00e7ais d\u2019emballages primaires en plastique","potentialAction":[{"@type":"SearchAction","target":{"@type":"EntryPoint","urlTemplate":"https:\/\/www.somater.fr\/?s={search_term_string}"},"query-input":{"@type":"PropertyValueSpecification","valueRequired":true,"valueName":"search_term_string"}}],"inLanguage":"en-US"}]}},"_links":{"self":[{"href":"https:\/\/www.somater.fr\/en\/wp-json\/wp\/v2\/pages\/1989","targetHints":{"allow":["GET"]}}],"collection":[{"href":"https:\/\/www.somater.fr\/en\/wp-json\/wp\/v2\/pages"}],"about":[{"href":"https:\/\/www.somater.fr\/en\/wp-json\/wp\/v2\/types\/page"}],"author":[{"embeddable":true,"href":"https:\/\/www.somater.fr\/en\/wp-json\/wp\/v2\/users\/10"}],"replies":[{"embeddable":true,"href":"https:\/\/www.somater.fr\/en\/wp-json\/wp\/v2\/comments?post=1989"}],"version-history":[{"count":32,"href":"https:\/\/www.somater.fr\/en\/wp-json\/wp\/v2\/pages\/1989\/revisions"}],"predecessor-version":[{"id":7060,"href":"https:\/\/www.somater.fr\/en\/wp-json\/wp\/v2\/pages\/1989\/revisions\/7060"}],"wp:attachment":[{"href":"https:\/\/www.somater.fr\/en\/wp-json\/wp\/v2\/media?parent=1989"}],"curies":[{"name":"wp","href":"https:\/\/api.w.org\/{rel}","templated":true}]}}